{"id":135,"date":"2024-05-22T17:58:52","date_gmt":"2024-05-22T17:58:52","guid":{"rendered":"https:\/\/futuroexponencial.mx\/home\/"},"modified":"2024-05-28T08:31:50","modified_gmt":"2024-05-28T14:31:50","slug":"home","status":"publish","type":"page","link":"https:\/\/www.futuroexponencial.mx\/","title":{"rendered":"Inicio"},"content":{"rendered":"\n<div class=\"wp-block-uagb-container uagb-block-5fe6a32d alignfull uagb-is-root-container\"><div class=\"uagb-container-inner-blocks-wrap\">\n<div class=\"wp-block-uagb-advanced-heading uagb-block-739ef4ec\"><h1 class=\"uagb-heading-text\">Tu mejor alternativa en servicios financieros.<\/h1><\/div>\n\n\n\n<div class=\"wp-block-uagb-advanced-heading uagb-block-98e4bfaf\"><p class=\"uagb-desc-text\">Si estas buscando una empresa que pueda ayudar a aumentar la rentabilidad de tus proyectos, estas en el lugar correcto. Nosotros podemos ayudarte a llevar tu negocio al siguiente nivel.<\/p><\/div>\n\n\n\n<div class=\"wp-block-uagb-icon-list uagb-block-f7b80507\"><div class=\"uagb-icon-list__wrap\">\n<div class=\"wp-block-uagb-icon-list-child uagb-block-ecc28047\"><a target=\"_self\" aria-label=\"Encuentra como hacerlo!\" rel=\"noopener noreferrer\" href=\"#\"> <\/a><span class=\"uagb-icon-list__source-wrap\"><svg xmlns=\"https:\/\/www.w3.org\/2000\/svg\" viewBox=\"0 0 320 512\"><path d=\"M9.375 329.4c12.51-12.51 32.76-12.49 45.25 0L128 402.8V32c0-17.69 14.31-32 32-32s32 14.31 32 32v370.8l73.38-73.38c12.5-12.5 32.75-12.5 45.25 0s12.5 32.75 0 45.25l-128 128c-12.5 12.5-32.75 12.5-45.25 0l-128-128C-3.125 362.1-3.125 341.9 9.375 329.4z\"><\/path><\/svg><\/span><span class=\"uagb-icon-list__label\">Encuentra como hacerlo!<\/span><\/div>\n<\/div><\/div>\n<\/div><\/div>\n\n\n\n<div class=\"wp-block-uagb-container uagb-block-9bdda066 alignfull uagb-is-root-container\"><div class=\"uagb-container-inner-blocks-wrap\">\n<div class=\"wp-block-uagb-advanced-heading uagb-block-46591901\"><h2 class=\"uagb-heading-text\">Financiarte para?<\/h2><\/div>\n<\/div><\/div>\n\n\n\n<div class=\"wp-block-uagb-container uagb-block-719b262e alignfull uagb-is-root-container\"><div class=\"uagb-container-inner-blocks-wrap\">\n<div class=\"wp-block-uagb-info-box uagb-block-0a9ff199 uagb-infobox__content-wrap  uagb-infobox-icon-above-title uagb-infobox-image-valign-top\"><div class=\"uagb-ifb-content\"><div class=\"uagb-ifb-title-wrap\"><h4 class=\"uagb-ifb-title\">Proyectos<\/h4><\/div><p class=\"uagb-ifb-desc\">Podr\u00e1 realizar cualquier proyecto con un financiamiento a la medida de sus necesidades.<\/p><\/div><\/div>\n\n\n\n<div class=\"wp-block-uagb-info-box uagb-block-a50dcc77 uagb-infobox__content-wrap  uagb-infobox-icon-above-title uagb-infobox-image-valign-top\"><div class=\"uagb-ifb-content\"><div class=\"uagb-ifb-title-wrap\"><h4 class=\"uagb-ifb-title\">Compra de maquinaria<\/h4><\/div><p class=\"uagb-ifb-desc\">Con nuestros excelentes planes podr\u00e1 comprar o rentar todo lo que necesite para sus proyectos.<\/p><\/div><\/div>\n\n\n\n<div class=\"wp-block-uagb-info-box uagb-block-42fd1048 uagb-infobox__content-wrap  uagb-infobox-icon-above-title uagb-infobox-image-valign-top\"><div class=\"uagb-ifb-content\"><div class=\"uagb-ifb-title-wrap\"><h4 class=\"uagb-ifb-title\">Compra de inmuebles<\/h4><\/div><p class=\"uagb-ifb-desc\">El mejor financiamiento para comprar bodegas e inmuebles para iniciar ese proyecto que tiene en mente.<\/p><\/div><\/div>\n<\/div><\/div>\n\n\n\n<div class=\"wp-block-uagb-container uagb-block-e6bc50fc alignfull uagb-is-root-container\"><div class=\"uagb-container-inner-blocks-wrap\">\n<div class=\"wp-block-uagb-container uagb-block-e4ae5ee7\">\n<div class=\"wp-block-uagb-info-box uagb-block-bda84c5e uagb-infobox__content-wrap  uagb-infobox-icon-above-title uagb-infobox-image-valign-top\"><div class=\"uagb-ifb-content\"><div class=\"uagb-ifb-title-wrap\"><h2 class=\"uagb-ifb-title\">Acerca de nosotros<\/h2><\/div><p class=\"uagb-ifb-desc\">Futuro Exponencial es una empresa fundada en 2021 con el compromiso de brindar servicios de cr\u00e9dito y financiamiento atendiendo las necesidades espec\u00edficas del mercado, nuestro prop\u00f3sito es ayudar a nuestros clientes a realizar sus proyectos con \u00e9xito.<\/p><\/div><\/div>\n\n\n\n<div class=\"wp-block-uagb-info-box uagb-block-9e7312fd uagb-infobox__content-wrap  uagb-infobox-icon-above-title uagb-infobox-image-valign-top\"><div class=\"uagb-ifb-content\"><div class=\"uagb-ifb-title-wrap\"><h4 class=\"uagb-ifb-title\">Misi\u00f3n.<\/h4><\/div><p class=\"uagb-ifb-desc\">Nuestro objetivo es otorgar a nuestros<br>clientes las herramientas financieras que les permitan llevar a cabo y con \u00e9xito sus proyectos.<\/p><\/div><\/div>\n\n\n\n<div class=\"wp-block-uagb-info-box uagb-block-9b62e515 uagb-infobox__content-wrap  uagb-infobox-icon-above-title uagb-infobox-image-valign-top\"><div class=\"uagb-ifb-content\"><div class=\"uagb-ifb-title-wrap\"><h4 class=\"uagb-ifb-title\">Visi\u00f3n.<\/h4><\/div><p class=\"uagb-ifb-desc\">Ofrecer a nuestros clientes, colaboradores y socios los mejores productos financieros en beneficio<br>del desarrollo y crecimiento de sus empresas y proyectos para as\u00ed mejorar la solidez y el futuro de nuestra econom\u00eda.<\/p><\/div><\/div>\n<\/div>\n\n\n\n<div class=\"wp-block-uagb-container uagb-block-2de3917e\">\n<div class=\"wp-block-uagb-image uagb-block-9fc9987d wp-block-uagb-image--layout-default wp-block-uagb-image--effect-static wp-block-uagb-image--align-none\"><figure class=\"wp-block-uagb-image__figure\"><img decoding=\"async\" srcset=\"https:\/\/www.futuroexponencial.mx\/wp-content\/uploads\/2021\/05\/about.jpg \" sizes=\"auto, (max-width: 480px) 150px\" src=\"https:\/\/www.futuroexponencial.mx\/wp-content\/uploads\/2021\/05\/about.jpg\" alt=\"\" class=\"uag-image-47\" width=\"551\" height=\"661\" title=\"\" loading=\"lazy\" role=\"img\"\/><\/figure><\/div>\n<\/div>\n<\/div><\/div>\n\n\n\n<div class=\"wp-block-uagb-container uag-blocks-common-selector uagb-block-ff10cdc8 alignfull uagb-is-root-container\"><div class=\"uagb-container-inner-blocks-wrap\">\n<div class=\"wp-block-uagb-advanced-heading uagb-block-830e6177\"><h2 class=\"uagb-heading-text\">Alguno de nuestros clientes:<\/h2><\/div>\n<\/div><\/div>\n\n\n\n<div class=\"wp-block-uagb-container uagb-block-af8294e0 alignfull uagb-is-root-container\"><div class=\"uagb-container-inner-blocks-wrap\">\n<div class=\"wp-block-uagb-image aligncenter uagb-block-d413d0ef wp-block-uagb-image--layout-default wp-block-uagb-image--effect-static wp-block-uagb-image--align-center\"><figure class=\"wp-block-uagb-image__figure\"><img decoding=\"async\" srcset=\"https:\/\/www.futuroexponencial.mx\/wp-content\/uploads\/2021\/05\/client-logo-5.png \" sizes=\"auto, (max-width: 480px) 150px\" src=\"https:\/\/www.futuroexponencial.mx\/wp-content\/uploads\/2021\/05\/client-logo-5.png\" alt=\"\" class=\"uag-image-132\" width=\"140\" height=\"38\" title=\"\" loading=\"lazy\" role=\"img\"\/><\/figure><\/div>\n\n\n\n<div class=\"wp-block-uagb-image aligncenter uagb-block-ff095355 wp-block-uagb-image--layout-default wp-block-uagb-image--effect-static wp-block-uagb-image--align-center\"><figure class=\"wp-block-uagb-image__figure\"><img decoding=\"async\" srcset=\"https:\/\/www.futuroexponencial.mx\/wp-content\/uploads\/2021\/05\/logo-black.svg \" sizes=\"auto, (max-width: 480px) 150px\" src=\"https:\/\/www.futuroexponencial.mx\/wp-content\/uploads\/2021\/05\/logo-black.svg\" alt=\"\" class=\"uag-image-133\" width=\"157\" height=\"38\" title=\"\" loading=\"lazy\" role=\"img\"\/><\/figure><\/div>\n\n\n\n<div class=\"wp-block-uagb-image aligncenter uagb-block-beeb5f67 wp-block-uagb-image--layout-default wp-block-uagb-image--effect-static wp-block-uagb-image--align-center\"><figure class=\"wp-block-uagb-image__figure\"><img decoding=\"async\" srcset=\"https:\/\/www.futuroexponencial.mx\/wp-content\/uploads\/2021\/05\/client-logo-2.png \" sizes=\"auto, (max-width: 480px) 150px\" src=\"https:\/\/www.futuroexponencial.mx\/wp-content\/uploads\/2021\/05\/client-logo-2.png\" alt=\"\" class=\"uag-image-130\" width=\"119\" height=\"28\" title=\"\" loading=\"lazy\" role=\"img\"\/><\/figure><\/div>\n\n\n\n<div class=\"wp-block-uagb-image aligncenter uagb-block-8eb570c0 wp-block-uagb-image--layout-default wp-block-uagb-image--effect-static wp-block-uagb-image--align-center\"><figure class=\"wp-block-uagb-image__figure\"><img decoding=\"async\" srcset=\"https:\/\/www.futuroexponencial.mx\/wp-content\/uploads\/2021\/05\/client-logo-1.png \" sizes=\"auto, (max-width: 480px) 150px\" src=\"https:\/\/www.futuroexponencial.mx\/wp-content\/uploads\/2021\/05\/client-logo-1.png\" alt=\"\" class=\"uag-image-129\" width=\"109\" height=\"26\" title=\"\" loading=\"lazy\" role=\"img\"\/><\/figure><\/div>\n<\/div><\/div>\n\n\n\n<div class=\"wp-block-uagb-container uagb-block-4e5b2226 alignfull uagb-is-root-container\"><div class=\"uagb-container-inner-blocks-wrap\">\n<div class=\"wp-block-uagb-info-box uagb-block-33eb255a uagb-infobox__content-wrap  uagb-infobox-icon-above-title uagb-infobox-image-valign-top\"><div class=\"uagb-ifb-content\"><div class=\"uagb-ifb-title-wrap\"><h2 class=\"uagb-ifb-title\">Por que Futuro exponencial?<\/h2><\/div><p class=\"uagb-ifb-desc\">Porque somos la empresa adecuada para tu negocio. Tenemos la experiencia y el conocimiento que har\u00e1n que tus proyectos crezcan de manera exponencial.<br><br>En nosotros podr\u00e1s tener un alianza comercial, porque cuidaremos tu patrimonio como si fuera el nuestro adem\u00e1s adaptaremos nuestras herramientas para cubrir las necesidades especificas de tu proyecto y as\u00ed alcanzar tu potencial.<\/p><\/div><\/div>\n<\/div><\/div>\n\n\n\n<div class=\"wp-block-uagb-container uagb-block-3e9f6878 alignfull uagb-is-root-container\"><div class=\"uagb-container-inner-blocks-wrap\">\n<div class=\"wp-block-uagb-container uagb-block-1d303438\">\n<div class=\"wp-block-uagb-container uagb-block-780694b9\">\n<div class=\"wp-block-uagb-info-box uagb-block-606ceebc uagb-infobox__content-wrap  uagb-infobox-icon-above-title uagb-infobox-image-valign-top\"><div class=\"uagb-ifb-content\"><div class=\"uagb-ifb-title-wrap\"><h3 class=\"uagb-ifb-title\">Tienes un proyecto en mente?<\/h3><\/div><p class=\"uagb-ifb-desc\">Nosotros podemos ayudarte a financiar tu proyecto y puedas llevarlo acabo.<\/p><\/div><\/div>\n\n\n\n<div class=\"wp-block-uagb-buttons uagb-buttons__outer-wrap uagb-btn__default-btn uagb-btn-tablet__default-btn uagb-btn-mobile__default-btn uagb-block-0ae8e13a\"><div class=\"uagb-buttons__wrap uagb-buttons-layout-wrap \">\n<div class=\"wp-block-uagb-buttons-child uagb-buttons__outer-wrap uagb-block-cb306a15 wp-block-button\"><div class=\"uagb-button__wrapper\"><a class=\"uagb-buttons-repeater wp-block-button__link\" aria-label=\"\" href=\"#\" rel=\"follow noopener\" target=\"_self\" role=\"button\"><div class=\"uagb-button__link\">Comunicate con nosotros!<\/div><\/a><\/div><\/div>\n<\/div><\/div>\n<\/div>\n\n\n\n<div class=\"wp-block-uagb-container uagb-block-fa105855\">\n<div class=\"wp-block-uagb-image alignright uagb-block-cc81a440 wp-block-uagb-image--layout-default wp-block-uagb-image--effect-static wp-block-uagb-image--align-right\"><figure class=\"wp-block-uagb-image__figure\"><img decoding=\"async\" srcset=\"https:\/\/www.futuroexponencial.mx\/wp-content\/uploads\/2021\/05\/cta-img.jpg ,https:\/\/www.futuroexponencial.mx\/wp-content\/uploads\/2021\/05\/cta-img.jpg 780w\" sizes=\"auto, (max-width: 480px) 150px\" src=\"https:\/\/www.futuroexponencial.mx\/wp-content\/uploads\/2021\/05\/cta-img.jpg\" alt=\"\" class=\"uag-image-69\" width=\"775\" height=\"547\" title=\"\" loading=\"lazy\" role=\"img\"\/><\/figure><\/div>\n<\/div>\n<\/div>\n\n\n\n<div class=\"wp-block-uagb-container uagb-block-555a6083\">\n<div class=\"wp-block-uagb-container uagb-block-e8c20294\">\n<div class=\"wp-block-uagb-advanced-heading uagb-block-833b4f58\"><h2 class=\"uagb-heading-text\">Juntos llevaremos a cabo ese gran negocio.<\/h2><\/div>\n<\/div>\n\n\n\n<div class=\"wp-block-uagb-container uagb-block-f6af0410\">\n<p><\/p>\n\n\n\n<div class=\"wp-block-uagb-advanced-heading uagb-block-959a111e\"><p class=\"uagb-desc-text\">Cuando se conecta con nosotros, no esta haciendo crecer su negocio solo. le respaldamos y ponemos lo mejor de nosotros para contribuir al crecimiento de todo su equipo y organizaci\u00f3n. Entonces si esta buscando la financiera adecuada que lo ayude a construir una buena presencia, estamos aqu\u00ed!<\/p><\/div>\n<\/div>\n<\/div>\n<\/div><\/div>\n\n\n\n<div class=\"wp-block-uagb-container uagb-block-af742380 alignfull uagb-is-root-container\"><div class=\"uagb-container-inner-blocks-wrap\">\n<div class=\"wp-block-uagb-info-box uagb-block-65aeb817 uagb-infobox__content-wrap  uagb-infobox-icon-above-title uagb-infobox-image-valign-top\"><div class=\"uagb-ifb-content\"><div class=\"uagb-ifb-title-wrap\"><span class=\"uagb-ifb-title-prefix\"><strong><strong>Sus socios de confianza<\/strong><\/strong><\/span><h2 class=\"uagb-ifb-title\">Equipo altamente motivado con ideas innovadoras<\/h2><\/div><\/div><\/div>\n\n\n\n<div class=\"wp-block-uagb-advanced-heading uagb-block-8bdd44f0\"><p class=\"uagb-heading-text\">Cuando se conecta con nosotros, no est\u00e1 haciendo crecer su negocio solo. Le respaldamos y ponemos lo mejor de nosotros para contribuir al crecimiento de todo su equipo y organizaci\u00f3n. Entonces, si est\u00e1 buscando la financiera adecuada que lo ayude, \u00a1estamos aqu\u00ed!<\/p><\/div>\n<\/div><\/div>\n\n\n\n<div class=\"wp-block-uagb-container uagb-block-15f67aaf alignfull uagb-is-root-container\"><div class=\"uagb-container-inner-blocks-wrap\">\n<div class=\"wp-block-uagb-image aligncenter uagb-block-b9f24727 wp-block-uagb-image--layout-default wp-block-uagb-image--effect-static wp-block-uagb-image--align-center\"><figure class=\"wp-block-uagb-image__figure\"><img decoding=\"async\" srcset=\"https:\/\/www.futuroexponencial.mx\/wp-content\/uploads\/2021\/05\/gallery-1.jpg \" sizes=\"auto, (max-width: 480px) 150px\" src=\"https:\/\/www.futuroexponencial.mx\/wp-content\/uploads\/2021\/05\/gallery-1.jpg\" alt=\"\" class=\"uag-image-75\" width=\"380\" height=\"380\" title=\"\" loading=\"lazy\" role=\"img\"\/><\/figure><\/div>\n\n\n\n<div class=\"wp-block-uagb-image aligncenter uagb-block-d8cc4544 wp-block-uagb-image--layout-default wp-block-uagb-image--effect-static wp-block-uagb-image--align-center\"><figure class=\"wp-block-uagb-image__figure\"><img decoding=\"async\" srcset=\"https:\/\/www.futuroexponencial.mx\/wp-content\/uploads\/2021\/05\/gallery-2.jpg \" sizes=\"auto, (max-width: 480px) 150px\" src=\"https:\/\/www.futuroexponencial.mx\/wp-content\/uploads\/2021\/05\/gallery-2.jpg\" alt=\"\" class=\"uag-image-76\" width=\"380\" height=\"380\" title=\"\" loading=\"lazy\" role=\"img\"\/><\/figure><\/div>\n\n\n\n<div class=\"wp-block-uagb-image aligncenter uagb-block-28e72ce2 wp-block-uagb-image--layout-default wp-block-uagb-image--effect-static wp-block-uagb-image--align-center\"><figure class=\"wp-block-uagb-image__figure\"><img decoding=\"async\" srcset=\"https:\/\/www.futuroexponencial.mx\/wp-content\/uploads\/2021\/05\/gallery-3.jpg \" sizes=\"auto, (max-width: 480px) 150px\" src=\"https:\/\/www.futuroexponencial.mx\/wp-content\/uploads\/2021\/05\/gallery-3.jpg\" alt=\"\" class=\"uag-image-77\" width=\"380\" height=\"380\" title=\"\" loading=\"lazy\" role=\"img\"\/><\/figure><\/div>\n<\/div><\/div>\n\n\n\n<div class=\"wp-block-uagb-container uagb-block-40d4d421 alignfull uagb-is-root-container\"><div class=\"uagb-container-inner-blocks-wrap\">\n<div class=\"wp-block-uagb-container uagb-block-e0e07846\">\n<div class=\"wp-block-uagb-advanced-heading uagb-block-fb002795\"><h2 class=\"uagb-heading-text\">Subscribir<\/h2><\/div>\n<\/div>\n\n\n\n<div class=\"wp-block-uagb-container uagb-block-149e04ce\">\n<div class=\"wp-block-uagb-forms uagb-forms__outer-wrap uagb-block-d276cdda uagb-forms__default-btn uagb-forms-inline-field uagb-forms-button-desk-width-25 uagb-forms-column-gap-5\"><form class=\"uagb-forms-main-form\" method=\"post\" autocomplete=\"on\" name=\"uagb-form-d276cdda\">\n<div class=\"wp-block-uagb-forms-email uagb-forms-email-wrap uagb-forms-field-set uagb-block-256e3189 uagb-forms-field-desk-width-66\"><div class=\"uagb-forms-email-label  uagb-forms-input-label\" id=\"256e3189\">Correo electr\u00f3nico<\/div><input type=\"email\" class=\"uagb-forms-email-input uagb-forms-input\" placeholder=\"Email Address\" name=\"256e3189\" autocomplete=\"email\"\/><\/div>\n<div class=\"uagb-forms-form-hidden-data\"><input type=\"hidden\" class=\"uagb_forms_form_label\" value=\"Spectra Form\"\/><input type=\"hidden\" class=\"uagb_forms_form_id\" value=\"uagb-form-d276cdda\"\/><\/div><div class=\"uagb-form-reacaptcha-error-d276cdda\"><\/div><div class=\"uagb-forms-main-submit-button-wrap wp-block-button\"><button class=\"uagb-forms-main-submit-button wp-block-button__link\"><div class=\"uagb-forms-main-submit-button-text\">Estoy interesado<\/div><\/button><\/div><\/form><div class=\"uagb-forms-success-message-d276cdda uagb-forms-submit-message-hide\"><span>The form has been submitted successfully!<\/span><\/div><div class=\"uagb-forms-failed-message-d276cdda uagb-forms-submit-message-hide\"><span>There has been some error while submitting the form. Please verify all form fields again.<\/span><\/div><\/div>\n<\/div>\n<\/div><\/div>\n","protected":false},"excerpt":{"rendered":"<p>Tu mejor alternativa en servicios financieros. Si estas buscando una empresa que pueda ayudar a aumentar la rentabilidad de tus proyectos, estas en el lugar correcto. Nosotros podemos ayudarte a llevar tu negocio al siguiente nivel. Financiarte para? Alguno de nuestros clientes: Juntos llevaremos a cabo ese gran negocio. Cuando se conecta con nosotros, no [&hellip;]<\/p>\n","protected":false},"author":1,"featured_media":0,"parent":0,"menu_order":0,"comment_status":"closed","ping_status":"closed","template":"","meta":{"_uag_custom_page_level_css":"","site-sidebar-layout":"no-sidebar","site-content-layout":"page-builder","ast-site-content-layout":"full-width-container","site-content-style":"unboxed","site-sidebar-style":"unboxed","ast-global-header-display":"","ast-banner-title-visibility":"","ast-main-header-display":"","ast-hfb-above-header-display":"","ast-hfb-below-header-display":"","ast-hfb-mobile-header-display":"","site-post-title":"disabled","ast-breadcrumbs-content":"","ast-featured-img":"disabled","footer-sml-layout":"","theme-transparent-header-meta":"enabled","adv-header-id-meta":"","stick-header-meta":"","header-above-stick-meta":"","header-main-stick-meta":"","header-below-stick-meta":"","astra-migrate-meta-layouts":"set","ast-page-background-enabled":"default","ast-page-background-meta":{"desktop":{"background-color":"var(--ast-global-color-4)","background-image":"","background-repeat":"repeat","background-position":"center center","background-size":"auto","background-attachment":"scroll","background-type":"","background-media":"","overlay-type":"","overlay-color":"","overlay-opacity":"","overlay-gradient":""},"tablet":{"background-color":"","background-image":"","background-repeat":"repeat","background-position":"center center","background-size":"auto","background-attachment":"scroll","background-type":"","background-media":"","overlay-type":"","overlay-color":"","overlay-opacity":"","overlay-gradient":""},"mobile":{"background-color":"","background-image":"","background-repeat":"repeat","background-position":"center center","background-size":"auto","background-attachment":"scroll","background-type":"","background-media":"","overlay-type":"","overlay-color":"","overlay-opacity":"","overlay-gradient":""}},"ast-content-background-meta":{"desktop":{"background-color":"var(--ast-global-color-5)","background-image":"","background-repeat":"repeat","background-position":"center center","background-size":"auto","background-attachment":"scroll","background-type":"","background-media":"","overlay-type":"","overlay-color":"","overlay-opacity":"","overlay-gradient":""},"tablet":{"background-color":"var(--ast-global-color-5)","background-image":"","background-repeat":"repeat","background-position":"center center","background-size":"auto","background-attachment":"scroll","background-type":"","background-media":"","overlay-type":"","overlay-color":"","overlay-opacity":"","overlay-gradient":""},"mobile":{"background-color":"var(--ast-global-color-5)","background-image":"","background-repeat":"repeat","background-position":"center center","background-size":"auto","background-attachment":"scroll","background-type":"","background-media":"","overlay-type":"","overlay-color":"","overlay-opacity":"","overlay-gradient":""}},"footnotes":""},"class_list":["post-135","page","type-page","status-publish","hentry"],"uagb_featured_image_src":{"full":false,"thumbnail":false,"medium":false,"medium_large":false,"large":false,"1536x1536":false,"2048x2048":false},"uagb_author_info":{"display_name":"admin","author_link":"https:\/\/www.futuroexponencial.mx\/?author=1"},"uagb_comment_info":0,"uagb_excerpt":"Tu mejor alternativa en servicios financieros. Si estas buscando una empresa que pueda ayudar a aumentar la rentabilidad de tus proyectos, estas en el lugar correcto. Nosotros podemos ayudarte a llevar tu negocio al siguiente nivel. Financiarte para? Alguno de nuestros clientes: Juntos llevaremos a cabo ese gran negocio. Cuando se conecta con nosotros, no&hellip;","_links":{"self":[{"href":"https:\/\/www.futuroexponencial.mx\/index.php?rest_route=\/wp\/v2\/pages\/135","targetHints":{"allow":["GET"]}}],"collection":[{"href":"https:\/\/www.futuroexponencial.mx\/index.php?rest_route=\/wp\/v2\/pages"}],"about":[{"href":"https:\/\/www.futuroexponencial.mx\/index.php?rest_route=\/wp\/v2\/types\/page"}],"author":[{"embeddable":true,"href":"https:\/\/www.futuroexponencial.mx\/index.php?rest_route=\/wp\/v2\/users\/1"}],"replies":[{"embeddable":true,"href":"https:\/\/www.futuroexponencial.mx\/index.php?rest_route=%2Fwp%2Fv2%2Fcomments&post=135"}],"version-history":[{"count":10,"href":"https:\/\/www.futuroexponencial.mx\/index.php?rest_route=\/wp\/v2\/pages\/135\/revisions"}],"predecessor-version":[{"id":898,"href":"https:\/\/www.futuroexponencial.mx\/index.php?rest_route=\/wp\/v2\/pages\/135\/revisions\/898"}],"wp:attachment":[{"href":"https:\/\/www.futuroexponencial.mx\/index.php?rest_route=%2Fwp%2Fv2%2Fmedia&parent=135"}],"curies":[{"name":"wp","href":"https:\/\/api.w.org\/{rel}","templated":true}]}}