{"id":137,"date":"2024-05-22T17:58:53","date_gmt":"2024-05-22T17:58:53","guid":{"rendered":"https:\/\/futuroexponencial.mx\/services\/"},"modified":"2024-05-22T19:38:33","modified_gmt":"2024-05-22T19:38:33","slug":"terms","status":"publish","type":"page","link":"https:\/\/www.futuroexponencial.mx\/?page_id=137","title":{"rendered":"Terminos y condiciones"},"content":{"rendered":"\n<div class=\"wp-block-uagb-container uagb-block-f3071285 alignfull uagb-is-root-container\"><div class=\"uagb-container-inner-blocks-wrap\">\n<div class=\"wp-block-uagb-info-box uagb-block-4b802a1c uagb-infobox__content-wrap  uagb-infobox-icon-above-title uagb-infobox-image-valign-top\"><div class=\"uagb-ifb-content\"><div class=\"uagb-ifb-separator\"><\/div><div class=\"uagb-ifb-title-wrap\"><h1 class=\"uagb-ifb-title\">T\u00e9rminos y condiciones<\/h1><\/div><\/div><\/div>\n<\/div><\/div>\n\n\n\n<div class=\"wp-block-uagb-container uagb-block-7479c618 alignfull uagb-is-root-container\"><div class=\"uagb-container-inner-blocks-wrap\">\n<div class=\"wp-block-uagb-advanced-heading uagb-block-6f8255de\"><h2 class=\"uagb-heading-text\"><strong>T\u00e9rminos y condiciones generales de uso.<\/strong><\/h2><\/div>\n<\/div><\/div>\n\n\n\n<div class=\"wp-block-uagb-container uagb-block-43eb9d9b alignfull uagb-is-root-container\"><div class=\"uagb-container-inner-blocks-wrap\">\n<p>FUTURO EXPONENCIAL S.A.P.I., SOFOM, E.N.R., (en lo sucesivo \u201cFUTURO EXPONENCIAL\u201d), con domicilio en <strong>Cto. Circunvalaci\u00f3n Pte. 10 oficina s6, Cd. Sat\u00e9lite, 53100 Naucalpan de Ju\u00e1rez, M\u00e9x.<\/strong>, te da a conocer por este medio los T\u00e9rminos y Condiciones generales de uso de sus P\u00e1ginas Web (en adelante, la \u201cP\u00e1gina\u201d), sus aplicaciones m\u00f3viles (en lo sucesivo \u201cApps\u201d) y\/o cualquier otra plataforma digital que FUTURO EXPONENCIAL ponga a tu disposici\u00f3n, en las cuales se pueden encontrar en forma enunciativa m\u00e1s no limitativa, informaci\u00f3n, servicios, consultas, contenidos y\/o productos.<\/p>\n<\/div><\/div>\n\n\n\n<div class=\"wp-block-uagb-container uagb-block-b4735b3e alignfull uagb-is-root-container\"><div class=\"uagb-container-inner-blocks-wrap\">\n<p>Los presentes T\u00e9rminos y Condiciones Generales de Uso (en lo sucesivo \u201cT\u00e9rminos\u201d y\/o \u201cCondiciones\u201d) tienen un car\u00e1cter obligatorio y vinculante; todo usuario deber\u00e1 abstenerse de utilizar la P\u00e1gina, las Apps y\/o los servicios ofrecidos por FUTURO EXPONENCIAL en caso de no aceptarlos. Toda aplicaci\u00f3n o gesti\u00f3n dentro de la P\u00e1gina y\/o las Apps se entender\u00e1 como la aceptaci\u00f3n expresa de los presentes T\u00e9rminos y Condiciones. Al aceptar estos T\u00e9rminos, aceptas que existe una relaci\u00f3n jur\u00eddica v\u00e1lida y vinculante entre FUTURO EXPONENCIAL y t\u00fa, vigente hasta en tanto no manifiestes tu deseo de terminar dicha relaci\u00f3n, solicitando el cierre de tu cuenta de usuario creada conforme a lo dispuesto en la secci\u00f3n IV siguiente y absteni\u00e9ndose de utilizar cualquier servicio que FUTURO EXPONENCIAL ofrece o llegue a ofrecer.<\/p>\n\n\n\n<p>Como usuario tienes la obligaci\u00f3n de leer, entender y aceptar todas las condiciones establecidas en los T\u00e9rminos, en el Aviso de Privacidad y en los dem\u00e1s documentos an\u00e1logos que impliquen una referencia directa o indirecta a los primeros, antes de registrarse como usuario o realizar cualquier gesti\u00f3n dentro de la P\u00e1gina.<\/p>\n\n\n\n<p><strong>LEE ESTOS T\u00c9RMINOS Y CONDICIONES DETENIDAMENTE ANTES DE ACCEDER O USAR LOS SERVICIOS.<\/strong><\/p>\n\n\n\n<ol class=\"wp-block-list\">\n<li><strong>USO Y RESTRICCIONES<\/strong><\/li>\n<\/ol>\n\n\n\n<p>Mediante tu acceso y uso de la P\u00e1gina, las Apps o los productos de FUTURO EXPONENCIAL, est\u00e1s acordando vincularte jur\u00eddicamente por estos T\u00e9rminos y Condiciones, que pueden establecer una relaci\u00f3n contractual entre t\u00fa y FUTURO EXPONENCIAL. Si no aceptas dichos T\u00e9rminos y Condiciones, no podr\u00e1s acceder o usar los Servicios, mismos que estar\u00e1n \u00fanicamente disponibles para personas que gocen con la capacidad legal para contratar y para quienes no hayan sido vetados definitiva o parcialmente por FUTURO EXPONENCIAL, a su sola discreci\u00f3n, en relaci\u00f3n a su comportamiento crediticio o personal.<\/p>\n\n\n\n<p>FUTURO EXPONENCIAL podr\u00e1 poner fin de inmediato a estos T\u00e9rminos y Condiciones o cualquiera de los Servicios respecto de ti o, en general, dejar de ofrecer o denegar el acceso a los mismos o cualquier parte de ellos, en cualquier momento y por cualquier motivo.<\/p>\n\n\n\n<p>Se podr\u00e1n aplicar condiciones suplementarias a determinados Servicios, como pol\u00edticas para una actividad o una promoci\u00f3n particular, y dichas condiciones suplementarias se comunicar\u00e1n en relaci\u00f3n con los Servicios aplicables. Las condiciones suplementarias se establecen adem\u00e1s de los T\u00e9rminos y Condiciones, y se considerar\u00e1n una parte m\u00e1s de \u00e9stas, para los fines de los Servicios aplicables. Las condiciones suplementarias prevalecer\u00e1n sobre las Condiciones en el caso de conflicto con respecto a los Servicios aplicables.<\/p>\n\n\n\n<p>Para solicitar cualquiera de los Servicios de FUTURO EXPONENCIAL, deber\u00e1s completar el formulario correspondiente con tu informaci\u00f3n personal de manera precisa, verdadera y libre de vicios de mala fe, asumiendo el compromiso de monitorear y modificar tus datos personales cuando sea necesario. FUTURO EXPONENCIAL no se responsabilizar\u00e1 bajo ninguna circunstancia de la impresi\u00f3n de los datos personales que brindes y\/o validez, reserv\u00e1ndose la facultad de requerir documentaci\u00f3n comprobatoria.<\/p>\n\n\n\n<p>La recopilaci\u00f3n y el uso que hacemos de la informaci\u00f3n personal en relaci\u00f3n con los Servicios es conforme a lo dispuesto en nuestro Aviso de Privacidad Integral para Clientes\/Usuarios, disponible en<\/p>\n\n\n\n<ol class=\"wp-block-list\">\n<li><strong>MODIFICACIONES<\/strong><\/li>\n<\/ol>\n\n\n\n<p>FUTURO EXPONENCIAL podr\u00e1 modificar libremente y en cualquier momento los T\u00e9rminos y Condiciones cuando lo considere oportuno. Las modificaciones ser\u00e1n efectivas despu\u00e9s de la publicaci\u00f3n por parte de FUTURO EXPONENCIAL de dichos T\u00e9rminos y Condiciones actualizados en su P\u00e1gina o las pol\u00edticas modificadas o condiciones suplementarias sobre el Servicio aplicable. Tu acceso o uso continuado de la P\u00e1gina, las Apps o los Servicios despu\u00e9s de dicha publicaci\u00f3n, constituye tu consentimiento a vincularte por los T\u00e9rminos y Condiciones y sus modificaciones, siendo la \u00faltima versi\u00f3n publicada la que regular\u00e1 inmediatamente las relaciones comerciales que se generen al momento de realizarse la transacci\u00f3n.<\/p>\n\n\n\n<ul class=\"wp-block-list\">\n<li><strong>OBJETO<\/strong><\/li>\n<\/ul>\n\n\n\n<p>Los presentes T\u00e9rminos y Condiciones regulan la autorizaci\u00f3n de uso que otorga FUTURO EXPONENCIAL a los Clientes y Usuarios, para que \u00e9stos ingresen a su P\u00e1gina, sus Apps, se informen sobre los Servicios que FUTURO EXPONENCIAL ofrece, y en su caso, soliciten alguno de ellos.<\/p>\n\n\n\n<p>La celebraci\u00f3n de la relaci\u00f3n contractual se da \u00fanicamente entre FUTURO EXPONENCIAL y Clientes personas f\u00edsicas de nacionalidad mexicana, mayores de edad con capacidad legal para contratar. El proceso de adquisici\u00f3n de los Servicios de FUTURO EXPONENCIAL es siempre a trav\u00e9s de las Plataformas y\/o Apps de FUTURO EXPONENCIAL y nunca de forma presencial o a trav\u00e9s de alg\u00fan intermediario. El Cliente y\/o Usuario, al utilizar las Plataformas y\/o Apps de FUTURO EXPONENCIAL, declara que act\u00faa por cuenta propia y que el cr\u00e9dito ser\u00e1 para uso personal y nunca para un tercero.<\/p>\n\n\n\n<ol class=\"wp-block-list\">\n<li><strong>CUENTA DE USUARIO<\/strong><\/li>\n<\/ol>\n\n\n\n<p>Sujeto al cumplimiento de los presentes T\u00e9rminos y Condiciones, los Clientes y\/o Usuarios crean, con su correo electr\u00f3nico, una cuenta de usuario personal, exclusiva e intransferible para realizar los procesos de adquisici\u00f3n de cr\u00e9ditos de FUTURO EXPONENCIAL en la P\u00e1gina o las Apps respectivamente. FUTURO EXPONENCIAL se reserva cualquier derecho que no haya sido expresamente otorgado por los presentes T\u00e9rminos y Condiciones.&nbsp;<\/p>\n\n\n\n<p>El uso de la Cuenta de Usuario es personal e intransferible, por lo cual los Clientes y\/o Usuarios no se encuentran facultados para ceder los datos de validaci\u00f3n para el acceso a su perfil. En caso de olvido de los datos de validaci\u00f3n o de usurpaci\u00f3n de \u00e9stos, es obligaci\u00f3n del Cliente y\/o Usuario informar a FUTURO EXPONENCIAL durante el Inicio de Sesi\u00f3n a trav\u00e9s de la opci\u00f3n \u201c\u00bfOlvidaste o no tienes contrase\u00f1a?\u201d o mediante el env\u00edo de un correo electr\u00f3nico a la cuenta de\u00a0<strong><u>soporte@futuroexponencial.mx<\/u><\/strong><\/p>\n\n\n\n<p>Es de la entera responsabilidad del Cliente y\/o Usuario mantener de forma confidencial y en un lugar seguro su usuario y contrase\u00f1a para acceder a su perfil en <strong><u>futuroexponencial.mx<\/u><\/strong>, por lo que, mediante el presente instrumento, el Cliente y\/o Usuario deslinda a FUTURO EXPONENCIAL de toda responsabilidad por la p\u00e9rdida o da\u00f1o alguno, sin importar su alcance o naturaleza, que resulte del acceso no autorizado al perfil del Cliente o Usuario.<\/p>\n\n\n\n<ol class=\"wp-block-list\">\n<li><strong>P\u00c1GINA WEB Y APPS<\/strong><\/li>\n<\/ol>\n\n\n\n<p>La informaci\u00f3n mostrada en la P\u00e1gina y\/o Apps de FUTURO EXPONENCIAL es meramente con fines informativos. El material que se encuentra en la P\u00e1gina, y en estos T\u00e9rminos, est\u00e1 sujeto a cambios sin previo aviso, que estar\u00e1n visibles tanto en la P\u00e1gina como en los T\u00e9rminos con la \u00faltima fecha de actualizaci\u00f3n se\u00f1alada.<\/p>\n\n\n\n<p>El acceso al Servicio puede ser limitado o lento, o verse afectado debido a una serie de factores. como lo son:<\/p>\n\n\n\n<p>Servidores, redes, fallas en el hardware (incluida tu propia computadora), l\u00edneas y conexiones de telecomunicaciones y otros equipos electr\u00f3nicos y mec\u00e1nicos; falla del software, que incluye, entre otras cosas, errores, virus, problemas de configuraci\u00f3n, incompatibilidad de sistemas, utilidades o aplicaciones, el funcionamiento de cortafuegos o programas de detecci\u00f3n, c\u00f3digos ilegibles o irregularidades dentro de documentos particulares u otro contenido; sobrecarga de capacidades del sistema; da\u00f1os causados \u200b\u200bpor clima severo, terremotos, guerras, insurrecciones, disturbios, conmociones civiles, hechos fortuitos, accidentes, incendios, da\u00f1os por agua, explosiones, aver\u00edas mec\u00e1nicas o desastres naturales; interrupci\u00f3n (ya sea parcial o total) de fuentes de alimentaci\u00f3n u otra utilidad del servicio; huelga u otra detenci\u00f3n (ya sea parcial o total) del trabajo; restricciones gubernamentales o regulatorias, resoluciones cambiarias, \u00f3rdenes judiciales u otras formas de intervenci\u00f3n humana; o cualquier otra causa (ya sea similar o diferente a cualquiera de las anteriores) que sea ajena al control de FUTURO EXPONENCIAL.<\/p>\n\n\n\n<p>Podr\u00e1n mostrarse enlaces a una p\u00e1gina diferente a FUTURO EXPONENCIAL, que se proporcionan \u00fanicamente como indicadores de informaci\u00f3n en temas que podr\u00edan ser \u00fatiles a usuarios del Servicio. En este sentido, FUTURO EXPONENCIAL no tiene el control del contenido en las p\u00e1ginas. FUTURO EXPONENCIAL no garantiza el contenido en dichas p\u00e1ginas, incluida la precisi\u00f3n, integridad y confiabilidad de los sitios, as\u00ed como que dicho contenido se encuentre libre de reclamos de derechos de autor, marcas registradas u otras infracciones relacionadas a los derechos de un tercero o a que dicho contenido est\u00e9 libre de virus o alguna otra contaminaci\u00f3n.<\/p>\n\n\n\n<p>Si decides seguir el enlace a un sitio web no controlado por FUTURO EXPONENCIAL, debes hacerlo bajo tu propio riesgo. FUTURO EXPONENCIAL no garantiza la autenticidad de los documentos de Internet. Los enlaces de p\u00e1ginas web que no sean controladas por FUTURO EXPONENCIAL no implican ninguna responsabilidad por las opiniones, ideas, productos, informaci\u00f3n o servicios ofrecidos en dichos sitios, ni ninguna representaci\u00f3n referente al contenido de los mismos.<\/p>\n\n\n\n<ol class=\"wp-block-list\">\n<li><strong>PROPIEDAD INTELECTUAL<\/strong><\/li>\n<\/ol>\n\n\n\n<p>FUTURO EXPONENCIAL y todas aquellas marcas de su propiedad son Marcas Registradas, protegidas por la Ley de la Propiedad Industrial tanto en M\u00e9xico como en el extranjero seg\u00fan las leyes aplicables. La utilizaci\u00f3n, difusi\u00f3n, exhibici\u00f3n, explotaci\u00f3n, comercializaci\u00f3n o cualquier otro uso, sea parcial o total, de forma id\u00e9ntica o que confunda en menor o mayor grado; sea por cualquier medio, incluyendo mas no limit\u00e1ndose al impreso, magn\u00e9tico, \u00f3ptico, electr\u00f3nico o inform\u00e1tico, est\u00e1 expresamente prohibido sin previa autorizaci\u00f3n por escrito del titular de los derechos de autor y\/o marca correspondiente; que en el caso concreto es FUTURO EXPONENCIAL. Cualquier contravenci\u00f3n a lo anteriormente expuesto o la legislaci\u00f3n aplicable en materia de propiedad intelectual, industrial y derechos de autor ser\u00e1 considerada y perseguida como un delito penal de comisi\u00f3n directa.<\/p>\n\n\n\n<p>El logotipo, dise\u00f1os, formas, marcas nominativas, innominadas y mixtas de FUTURO EXPONENCIAL as\u00ed como cualquier material est\u00e1tico o interactivo incluido en la P\u00e1gina y las Apps, est\u00e1 debidamente registrado ante las autoridades competentes y son propiedad de FUTURO EXPONENCIAL. Los derechos de propiedad intelectual correspondientes a los Productos y servicios, as\u00ed como los materiales distintivos y dominios de la P\u00e1gina, los derechos de uso y explotaci\u00f3n correspondientes mismos que incluyen mas no se limitan a su publicaci\u00f3n, reproducci\u00f3n, divulgaci\u00f3n, transformaci\u00f3n y distribuci\u00f3n son propiedad exclusiva de FUTURO EXPONENCIAL. El usuario no adquirir\u00e1 bajo ninguna circunstancia concesi\u00f3n o derecho alguno sobre la propiedad intelectual e industrial de FUTURO EXPONENCIAL por el mero uso de su P\u00e1gina y Apps de los Servicios ofrecidos en las mismas; por lo tanto, su uso no podr\u00e1 ser considerado como una autorizaci\u00f3n t\u00e1cita o expresa para utilizar alguno de los elementos de la propiedad intelectual o de derecho de autor de FUTURO EXPONENCIAL con alg\u00fan fin diverso a los contemplados por el presente documento.<\/p>\n\n\n\n<ul class=\"wp-block-list\">\n<li><strong>CONSENTIMIENTO<\/strong><\/li>\n<\/ul>\n\n\n\n<p>Manifiesta el Cliente y\/o Usuario que la relaci\u00f3n contractual que se puede llegar a generar por el uso de la P\u00e1gina, las Apps o cualquiera de los Productos ofrecidos ser\u00e1 directamente con FUTURO EXPONENCIAL, y consistir\u00e1 en una prestaci\u00f3n de servicios celebrada por medios electr\u00f3nicos, en la cual el Cliente es el acreditado y FUTURO EXPONENCIAL es el acreditante.<\/p>\n\n\n\n<p>En virtud de las condiciones de capacidad legal establecidas en la legislaci\u00f3n mexicana vigente y de la validez de la manifestaci\u00f3n expresa de voluntad a trav\u00e9s de medios electr\u00f3nicos establecida en los art\u00edculos 89 y 90 del C\u00f3digo de Comercio y el art\u00edculo 7 de las Disposiciones de car\u00e1cter general en materia de transparencia aplicable a las Sociedades Financieras de Objeto M\u00faltiple, Entidades No Reguladas, como Cliente y\/o Usuario al momento de la creaci\u00f3n de tu Cuenta, manifiestas expresamente tu consentimiento y contar con la capacidad suficiente para celebrar contratos que se pueden o pudieren llegar a realizar accediendo y usando la P\u00e1gina, la App o los Productos de <strong><u>futuroexponencial.mx<\/u><\/strong>. En este sentido, la aceptaci\u00f3n de los presentes T\u00e9rminos y Condiciones, as\u00ed como de los contratos de adhesi\u00f3n respectivos de cada Producto, es el medio por el que manifiestas el consentimiento expreso de someterse a los mismos.<\/p>\n\n\n\n<p>Adicionalmente, reconoces y aceptas que podr\u00e1s expresar tu consentimiento respecto de los Servicios que contrates a trav\u00e9s de las Plataformas, as\u00ed como otorgar autorizaciones a FUTURO EXPONENCIAL necesarias para su contrataci\u00f3n, mediante medios electr\u00f3nicos tales como, incluyendo sin limitar, el N\u00famero de Identificaci\u00f3n Personal (\u201cNIP\u201d), huella digital y\/o firma electr\u00f3nica. En cuyo caso, FUTURO EXPONENCIAL informar\u00e1 previamente al Cliente los m\u00e9todos en que este podr\u00e1 generar dichos m\u00e9todos de autenticaci\u00f3n.<\/p>\n\n\n\n<ul class=\"wp-block-list\">\n<li><strong>INDEMNIZACI\u00d3N<\/strong><\/li>\n<\/ul>\n\n\n\n<p>El Cliente y\/o Usuario indemnizar\u00e1 y mantendr\u00e1 indemne a FUTURO EXPONENCIAL, sus filiales, empresas controladas y\/o controlantes, directivos, administradores, representantes y empleados, por cualquier reclamo o demanda de otros Usuarios o terceros por sus actividades en la P\u00e1gina o por su incumplimiento de los T\u00e9rminos y Condiciones Generales y dem\u00e1s Pol\u00edticas que se entienden incorporadas al presente o por la violaci\u00f3n de cualesquiera leyes o derechos de terceros, incluyendo los honorarios de abogados en una cantidad razonable.<\/p>\n\n\n\n<ol class=\"wp-block-list\">\n<li><strong>DOMICILIO Y LEGISLACI\u00d3N APLICABLE<\/strong><\/li>\n<\/ol>\n\n\n\n<p>Se fija como domicilio de FUTURO EXPONENCIAL el ubicado en <strong>Cto. Circunvalaci\u00f3n Pte. 10 oficina s6, Cd. Sat\u00e9lite, 53100 Naucalpan de Ju\u00e1rez, M\u00e9x.<\/strong><\/p>\n\n\n\n<p>Para lo no previsto en estos T\u00e9rminos y Condiciones, los Clientes y Usuarios acuerdan someterse a las leyes aplicables de los Estados Unidos Mexicanos.<\/p>\n\n\n\n<p>Para la interpretaci\u00f3n y ejecuci\u00f3n de los presentes T\u00e9rminos y Condiciones, el Cliente o Usuario acepta someterse a la jurisdicci\u00f3n y competencia de los tribunales competentes de Pachuca, Hidalgo, renunciando expresamente al fuero que pudiese corresponderle por raz\u00f3n de su domicilio presente o futuro.<\/p>\n\n\n\n<ol class=\"wp-block-list\">\n<li><strong>ADVERTENCIAS<\/strong><\/li>\n<\/ol>\n\n\n\n<p>Incumplir tus obligaciones te puede generar comisiones e intereses moratorios.<\/p>\n\n\n\n<p>Contratar cr\u00e9ditos que excedan tu capacidad de pago afecta tu historial crediticio.<\/p>\n\n\n\n<p>Fecha de actualizaci\u00f3n: Mayo 2024<\/p>\n<\/div><\/div>\n","protected":false},"excerpt":{"rendered":"<p>T\u00e9rminos y condiciones generales de uso. FUTURO EXPONENCIAL S.A.P.I., SOFOM, E.N.R., (en lo sucesivo \u201cFUTURO EXPONENCIAL\u201d), con domicilio en Cto. Circunvalaci\u00f3n Pte. 10 oficina s6, Cd. Sat\u00e9lite, 53100 Naucalpan de Ju\u00e1rez, M\u00e9x., te da a conocer por este medio los T\u00e9rminos y Condiciones generales de uso de sus P\u00e1ginas Web (en adelante, la \u201cP\u00e1gina\u201d), sus [&hellip;]<\/p>\n","protected":false},"author":1,"featured_media":0,"parent":0,"menu_order":0,"comment_status":"closed","ping_status":"closed","template":"","meta":{"_uag_custom_page_level_css":"","site-sidebar-layout":"no-sidebar","site-content-layout":"page-builder","ast-site-content-layout":"full-width-container","site-content-style":"unboxed","site-sidebar-style":"unboxed","ast-global-header-display":"","ast-banner-title-visibility":"","ast-main-header-display":"","ast-hfb-above-header-display":"","ast-hfb-below-header-display":"","ast-hfb-mobile-header-display":"","site-post-title":"disabled","ast-breadcrumbs-content":"","ast-featured-img":"disabled","footer-sml-layout":"","theme-transparent-header-meta":"enabled","adv-header-id-meta":"","stick-header-meta":"","header-above-stick-meta":"","header-main-stick-meta":"","header-below-stick-meta":"","astra-migrate-meta-layouts":"set","ast-page-background-enabled":"default","ast-page-background-meta":{"desktop":{"background-color":"var(--ast-global-color-4)","background-image":"","background-repeat":"repeat","background-position":"center center","background-size":"auto","background-attachment":"scroll","background-type":"","background-media":"","overlay-type":"","overlay-color":"","overlay-opacity":"","overlay-gradient":""},"tablet":{"background-color":"","background-image":"","background-repeat":"repeat","background-position":"center center","background-size":"auto","background-attachment":"scroll","background-type":"","background-media":"","overlay-type":"","overlay-color":"","overlay-opacity":"","overlay-gradient":""},"mobile":{"background-color":"","background-image":"","background-repeat":"repeat","background-position":"center center","background-size":"auto","background-attachment":"scroll","background-type":"","background-media":"","overlay-type":"","overlay-color":"","overlay-opacity":"","overlay-gradient":""}},"ast-content-background-meta":{"desktop":{"background-color":"var(--ast-global-color-5)","background-image":"","background-repeat":"repeat","background-position":"center center","background-size":"auto","background-attachment":"scroll","background-type":"","background-media":"","overlay-type":"","overlay-color":"","overlay-opacity":"","overlay-gradient":""},"tablet":{"background-color":"var(--ast-global-color-5)","background-image":"","background-repeat":"repeat","background-position":"center center","background-size":"auto","background-attachment":"scroll","background-type":"","background-media":"","overlay-type":"","overlay-color":"","overlay-opacity":"","overlay-gradient":""},"mobile":{"background-color":"var(--ast-global-color-5)","background-image":"","background-repeat":"repeat","background-position":"center center","background-size":"auto","background-attachment":"scroll","background-type":"","background-media":"","overlay-type":"","overlay-color":"","overlay-opacity":"","overlay-gradient":""}},"footnotes":""},"class_list":["post-137","page","type-page","status-publish","hentry"],"uagb_featured_image_src":{"full":false,"thumbnail":false,"medium":false,"medium_large":false,"large":false,"1536x1536":false,"2048x2048":false},"uagb_author_info":{"display_name":"admin","author_link":"https:\/\/www.futuroexponencial.mx\/?author=1"},"uagb_comment_info":0,"uagb_excerpt":"T\u00e9rminos y condiciones generales de uso. FUTURO EXPONENCIAL S.A.P.I., SOFOM, E.N.R., (en lo sucesivo \u201cFUTURO EXPONENCIAL\u201d), con domicilio en Cto. Circunvalaci\u00f3n Pte. 10 oficina s6, Cd. Sat\u00e9lite, 53100 Naucalpan de Ju\u00e1rez, M\u00e9x., te da a conocer por este medio los T\u00e9rminos y Condiciones generales de uso de sus P\u00e1ginas Web (en adelante, la \u201cP\u00e1gina\u201d), sus&hellip;","_links":{"self":[{"href":"https:\/\/www.futuroexponencial.mx\/index.php?rest_route=\/wp\/v2\/pages\/137","targetHints":{"allow":["GET"]}}],"collection":[{"href":"https:\/\/www.futuroexponencial.mx\/index.php?rest_route=\/wp\/v2\/pages"}],"about":[{"href":"https:\/\/www.futuroexponencial.mx\/index.php?rest_route=\/wp\/v2\/types\/page"}],"author":[{"embeddable":true,"href":"https:\/\/www.futuroexponencial.mx\/index.php?rest_route=\/wp\/v2\/users\/1"}],"replies":[{"embeddable":true,"href":"https:\/\/www.futuroexponencial.mx\/index.php?rest_route=%2Fwp%2Fv2%2Fcomments&post=137"}],"version-history":[{"count":6,"href":"https:\/\/www.futuroexponencial.mx\/index.php?rest_route=\/wp\/v2\/pages\/137\/revisions"}],"predecessor-version":[{"id":833,"href":"https:\/\/www.futuroexponencial.mx\/index.php?rest_route=\/wp\/v2\/pages\/137\/revisions\/833"}],"wp:attachment":[{"href":"https:\/\/www.futuroexponencial.mx\/index.php?rest_route=%2Fwp%2Fv2%2Fmedia&parent=137"}],"curies":[{"name":"wp","href":"https:\/\/api.w.org\/{rel}","templated":true}]}}