{"id":139,"date":"2024-05-22T17:58:53","date_gmt":"2024-05-22T17:58:53","guid":{"rendered":"https:\/\/futuroexponencial.mx\/about-us\/"},"modified":"2024-05-23T14:15:44","modified_gmt":"2024-05-23T14:15:44","slug":"about-us","status":"publish","type":"page","link":"https:\/\/www.futuroexponencial.mx\/?page_id=139","title":{"rendered":"Como funciona"},"content":{"rendered":"\n<div class=\"wp-block-uagb-container uagb-block-27ef9fe0 alignfull uagb-is-root-container\"><div class=\"uagb-container-inner-blocks-wrap\">\n<div class=\"wp-block-uagb-info-box uagb-block-d444f0cc uagb-infobox__content-wrap  uagb-infobox-icon-above-title uagb-infobox-image-valign-top\"><div class=\"uagb-ifb-content\"><div class=\"uagb-ifb-separator\"><\/div><div class=\"uagb-ifb-title-wrap\"><h1 class=\"uagb-ifb-title\">Como funciona<\/h1><\/div><\/div><\/div>\n<\/div><\/div>\n\n\n\n<div class=\"wp-block-uagb-container uag-blocks-common-selector uagb-block-f0ab6533 alignfull uagb-is-root-container\"><div class=\"uagb-container-inner-blocks-wrap\">\n<div class=\"wp-block-uagb-container uag-blocks-common-selector uagb-block-e52832d0\">\n<div class=\"wp-block-uagb-image uagb-block-276fb2c7 wp-block-uagb-image--layout-default wp-block-uagb-image--effect-static wp-block-uagb-image--align-none\"><figure class=\"wp-block-uagb-image__figure\"><img decoding=\"async\" srcset=\"https:\/\/www.futuroexponencial.mx\/wp-content\/uploads\/2021\/05\/about.jpg \" sizes=\"auto, (max-width: 480px) 150px\" src=\"https:\/\/www.futuroexponencial.mx\/wp-content\/uploads\/2021\/05\/about.jpg\" alt=\"\" class=\"uag-image-47\" width=\"551\" height=\"661\" title=\"\" loading=\"lazy\" role=\"img\"\/><\/figure><\/div>\n<\/div>\n\n\n\n<div class=\"wp-block-uagb-container uagb-block-85a46f5f\">\n<div class=\"wp-block-uagb-advanced-heading uagb-block-702ca1d1\"><p class=\"uagb-heading-text\"><strong><strong>Somos un equipo de 10 expertos  con m\u00e1s de 12 a\u00f1os de experiencia en financiamiento de proyectos para ayudar a las empresas.<\/strong><\/strong><\/p><\/div>\n\n\n\n<div class=\"wp-block-uagb-advanced-heading uagb-block-4f218c2d\"><p class=\"uagb-heading-text\">Si est\u00e1 buscando los mejores servicios de financiamiento, para hacer crecer su negocio, estamos aqu\u00ed para ayudarlo. Somos un equipo de expertos certificados con tremenda experiencia en financiaci\u00f3n de proyectos que lo acompa\u00f1ar\u00e1n en todo momento.<\/p><\/div>\n\n\n\n<div class=\"wp-block-uagb-info-box uagb-block-48fee51c uagb-infobox__content-wrap  uagb-infobox-icon-above-title uagb-infobox-image-valign-top\"><div class=\"uagb-ifb-content\"><div class=\"uagb-ifb-title-wrap\"><h3 class=\"uagb-ifb-title\">Nuestros valores fundamentales<\/h3><\/div><p class=\"uagb-ifb-desc\">\u2013 Comprometidos a ofrecer lo mejor<br>\u2013 Servicios honestos y transparentes.<br>\u2013 Cuidamos tu negocio como el nuestro<br><\/p><\/div><\/div>\n<\/div>\n<\/div><\/div>\n\n\n\n<div class=\"wp-block-uagb-container uagb-block-9f7f5dce default uagb-is-root-container\">\n<div class=\"wp-block-uagb-separator uagb-block-bf09d8db\"><div class=\"wp-block-uagb-separator__inner\" style=\"--my-background-image:\"><\/div><\/div>\n<\/div>\n\n\n\n<div class=\"wp-block-uagb-container uagb-block-ab8d653c alignfull uagb-is-root-container\"><div class=\"uagb-container-inner-blocks-wrap\">\n<h2 class=\"wp-block-heading\">Pasos para gestionar tu financiamiento<\/h2>\n<\/div><\/div>\n\n\n\n<div class=\"wp-block-columns is-layout-flex wp-container-core-columns-is-layout-28f84493 wp-block-columns-is-layout-flex\">\n<div class=\"wp-block-column is-layout-flow wp-block-column-is-layout-flow\">\n<h1 class=\"wp-block-heading has-text-align-right\">1<\/h1>\n\n\n\n<div class=\"wp-block-uagb-separator uagb-block-706a7de2\"><div class=\"wp-block-uagb-separator__inner\" style=\"--my-background-image:\"><\/div><\/div>\n\n\n\n<p><\/p>\n\n\n\n<p><\/p>\n\n\n\n<p><\/p>\n\n\n\n<p><\/p>\n\n\n\n<p><\/p>\n\n\n\n<p><\/p>\n\n\n\n<p><\/p>\n\n\n\n<p><\/p>\n\n\n\n<p><\/p>\n\n\n\n<p><\/p>\n\n\n\n<p><\/p>\n\n\n\n<p><\/p>\n\n\n\n<h1 class=\"wp-block-heading has-text-align-right\">2<\/h1>\n\n\n\n<div class=\"wp-block-uagb-separator uagb-block-bc7c5b07\"><div class=\"wp-block-uagb-separator__inner\" style=\"--my-background-image:\"><\/div><\/div>\n\n\n\n<h1 class=\"wp-block-heading has-text-align-right\">3<\/h1>\n<\/div>\n\n\n\n<div class=\"wp-block-column is-layout-flow wp-block-column-is-layout-flow\">\n<h6 class=\"wp-block-heading\">RE\u00daNE TODOS TUS DOCUMENTOS <\/h6>\n\n\n\n<p>Re\u00fane todos los documentos necesarios, como identificaci\u00f3n oficial, comprobante de ingresos y cualquier otro requisito espec\u00edfico para el tipo de pr\u00e9stamo que est\u00e1s buscando. <strong>Aseg\u00farate de tener estos documentos a la mano para agilizar el proceso.<\/strong><strong>.<\/strong><\/p>\n\n\n\n<h6 class=\"wp-block-heading\">Lista de Documentos:<\/h6>\n\n\n\n<ul class=\"wp-block-list\">\n<li>Comprobante de domicilio con vigencia de 3 meses<\/li>\n\n\n\n<li>C\u00e9dula de Identificaci\u00f3n Fiscal con Constancia de Situaci\u00f3n fiscal con vigencia de 3 meses<\/li>\n\n\n\n<li>Constancia de Certificado de Firma Electr\u00f3nica (Fiel)<\/li>\n\n\n\n<li>Dos \u00faltimas declaraciones anuales de&nbsp; impuestos<\/li>\n\n\n\n<li>Identificaci\u00f3n oficial vigente<\/li>\n\n\n\n<li>Constancia CURP<\/li>\n\n\n\n<li>Constancia de Certificado de Firma Electr\u00f3nica (Fiel)<\/li>\n\n\n\n<li>Llenar y firmar solicitud de cr\u00e9dito<\/li>\n\n\n\n<li>Obligado Solidario y\/o garant\u00eda inmobiliaria libre de gravemen<\/li>\n\n\n\n<li>Carta declaraci\u00f3n de recursos de procedencia l\u00edcita<\/li>\n\n\n\n<li>Carta act\u00faa por cuenta de un tercero<\/li>\n\n\n\n<li>Autorizaci\u00f3n b\u00fasqueda en BURO de Cr\u00e9dito<\/li>\n<\/ul>\n\n\n\n<hr class=\"wp-block-separator has-alpha-channel-opacity\"\/>\n\n\n\n<h6 class=\"wp-block-heading\">Garant\u00eda o aval:<\/h6>\n\n\n\n<p>Es importante dejar una garant\u00eda o a una persona como aval,&nbsp; que nos proporcione los siguientes documentos<\/p>\n\n\n\n<h6 class=\"wp-block-heading\">CONVERSA CON TU ASESOR<\/h6>\n\n\n\n<p>Cont\u00e1ctenos para hablar con uno de nuestros asesores financieros. Entregar\u00e1s los documentos que preparaste y discutir\u00e1s tus necesidades y objetivos financieros con el asesor. <strong>Ellos te guiar\u00e1n a trav\u00e9s de las opciones de pr\u00e9stamos disponibles y te proporcionar\u00e1n orientaci\u00f3n personalizada.<\/strong><\/p>\n\n\n\n<p><\/p>\n\n\n\n<h6 class=\"wp-block-heading\">FINALIZAMOS EL PROCESO<\/h6>\n\n\n\n<p>Una vez hayas seleccionado el pr\u00e9stamo que mejor se adapte a tus necesidades, Estos pueden incluir formularios de solicitud, documentaci\u00f3n adicional y cualquier otra informaci\u00f3n relevante. <strong>Nuestro equipo se encargar\u00e1 de procesar tu solicitud y desembolsar tu dinero en menos de 24 horas.<\/strong><\/p>\n<\/div>\n\n\n\n<div class=\"wp-block-column is-layout-flow wp-block-column-is-layout-flow\">\n<h2 class=\"wp-block-heading\">Aval:<\/h2>\n\n\n\n<ul class=\"wp-block-list\">\n<li>\n<ul class=\"wp-block-list\">\n<li>\u2013 Comprobante de domicilio con vigencia de 3 meses<\/li>\n\n\n\n<li>\u2013 C\u00e9dula de Identificaci\u00f3n Fiscal con Constancia de Situaci\u00f3n Fiscal con vigencia de 3 meses<\/li>\n\n\n\n<li>\u2013 Dos \u00faltimas declaraciones anuales de impuestos<\/li>\n\n\n\n<li>\u2013 Identificaci\u00f3n oficial Vigente<\/li>\n\n\n\n<li>\u2013 Autorizaci\u00f3n de busqueda en BURO de Cr\u00e9dito<\/li>\n<\/ul>\n<\/li>\n<\/ul>\n\n\n\n<h2 class=\"wp-block-heading\">Bien inmueble:<\/h2>\n\n\n\n<ul class=\"wp-block-list\">\n<li>\n<ul class=\"wp-block-list\">\n<li>\u2013 Escrituras del bien<\/li>\n\n\n\n<li>\u2013 Constancias de pago de predial<\/li>\n\n\n\n<li>\u2013 Constancias de pago de derechos de agua<\/li>\n\n\n\n<li>\u2013 Aval\u00fao con una vigencia m\u00e1xima de 6 meses<\/li>\n\n\n\n<li>\u2013 Certificado de libertad de grav\u00e1menes<\/li>\n<\/ul>\n<\/li>\n<\/ul>\n<\/div>\n<\/div>\n\n\n\n<div class=\"wp-block-uagb-container uagb-block-a15efb16 alignfull uagb-is-root-container\"><div class=\"uagb-container-inner-blocks-wrap\">\n<h2 class=\"wp-block-heading\">Lo que dicen nuestros clientes<\/h2>\n\n\n\n<div class=\"wp-block-uagb-testimonial uagb-slick-carousel uagb-tm__arrow-outside uagb-block-5cb18a0d uagb-post__carousel_notset uagb-post__carousel_notset-tablet\"><div class=\"is-carousel uagb-tm__columns-2 uagb-tm__items\"><div class=\"uagb-testimonial__wrap  uagb-tm__imgicon-style-circle uagb-tm__image-position-bottom uagb-tm__bg-type-none \"><div class=\"uagb-tm__content\"><div class=\"uagb-tm__overlay\"><\/div><div class=\"uagb-tm__text-wrap\"><div class=\"uagb-tm__desc\">\u00a1He estado trabajando con esta financiera durante a\u00f1os! Con mucho trabajo duro y comunicaci\u00f3n oportuna, se aseguraron de brindarme lo mejor. \u00a1Muy recomendable!<\/div><div class=\"uagb-tm__meta-inner\"><div class=\"uagb-tm__image-content\"><div class=\"uagb-tm__image\"><img decoding=\"async\" class=\"uagb-tm-img-src\" src=\"https:\/\/websitedemos.net\/digital-agency-08\/wp-content\/uploads\/sites\/850\/2021\/05\/customer-3-150x150.jpg\" alt=\"\" width=\"60\" height=\"60\" loading=\"lazy\"\/><\/div><\/div><div class=\"uagb-testimonial-details\"><span class=\"uagb-tm__author-name\">Priscila Doe<\/span><span class=\"uagb-tm__company\"><\/span><\/div><\/div><\/div><\/div><\/div><div class=\"uagb-testimonial__wrap  uagb-tm__imgicon-style-circle uagb-tm__image-position-bottom uagb-tm__bg-type-none \"><div class=\"uagb-tm__content\"><div class=\"uagb-tm__overlay\"><\/div><div class=\"uagb-tm__text-wrap\"><div class=\"uagb-tm__desc\">\u00a1Con Futuro exponencial logre conseguir los recursos para generar mi proyecto y as\u00ed entregarle en tiempo y forma a mi cliente. \u00a1Muy recomendable!<\/div><div class=\"uagb-tm__meta-inner\"><div class=\"uagb-tm__image-content\"><div class=\"uagb-tm__image\"><img decoding=\"async\" class=\"uagb-tm-img-src\" src=\"https:\/\/websitedemos.net\/digital-agency-08\/wp-content\/uploads\/sites\/850\/2021\/05\/customer-1-150x150.jpg\" alt=\"\" width=\"60\" height=\"60\" loading=\"lazy\"\/><\/div><\/div><div class=\"uagb-testimonial-details\"><span class=\"uagb-tm__author-name\">Mark Hoffman<\/span><span class=\"uagb-tm__company\"><\/span><\/div><\/div><\/div><\/div><\/div><\/div><\/div>\n<\/div><\/div>\n\n\n\n<div class=\"wp-block-uagb-container uagb-block-8bcbc3c8 alignfull uagb-is-root-container\"><div class=\"uagb-container-inner-blocks-wrap\"><\/div><\/div>\n\n\n\n<div class=\"wp-block-uagb-container uagb-block-db2d419d alignfull uagb-is-root-container\"><div class=\"uagb-container-inner-blocks-wrap\">\n<div class=\"wp-block-uagb-container uagb-block-964d8b67\">\n<div class=\"wp-block-uagb-container uagb-block-2cf5f47b\">\n<div class=\"wp-block-uagb-info-box uagb-block-f88e0df1 uagb-infobox__content-wrap  uagb-infobox-icon-above-title uagb-infobox-image-valign-top\"><div class=\"uagb-ifb-content\"><div class=\"uagb-ifb-title-wrap\"><h3 class=\"uagb-ifb-title\">\u00bfTienes un proyecto en mente?<\/h3><\/div><p class=\"uagb-ifb-desc\">Podemos ayudarte a hacer realidad tus ideas. Hablemos de lo que podemos construir y recaudar juntos.<\/p><\/div><\/div>\n\n\n\n<div class=\"wp-block-uagb-buttons uagb-buttons__outer-wrap uagb-btn__default-btn uagb-btn-tablet__default-btn uagb-btn-mobile__default-btn uagb-block-77536e03\"><div class=\"uagb-buttons__wrap uagb-buttons-layout-wrap \">\n<div class=\"wp-block-uagb-buttons-child uagb-buttons__outer-wrap uagb-block-c8843831 wp-block-button\"><div class=\"uagb-button__wrapper\"><a class=\"uagb-buttons-repeater wp-block-button__link\" aria-label=\"\" href=\"#\" rel=\"follow noopener\" target=\"_self\" role=\"button\"><div class=\"uagb-button__link\">Contactanos!<\/div><\/a><\/div><\/div>\n<\/div><\/div>\n<\/div>\n\n\n\n<div class=\"wp-block-uagb-container uagb-block-8374e276\">\n<div class=\"wp-block-uagb-image alignright uagb-block-1ecf927d wp-block-uagb-image--layout-default wp-block-uagb-image--effect-static wp-block-uagb-image--align-right\"><figure class=\"wp-block-uagb-image__figure\"><img decoding=\"async\" srcset=\"https:\/\/www.futuroexponencial.mx\/wp-content\/uploads\/2021\/05\/cta-img.jpg ,https:\/\/www.futuroexponencial.mx\/wp-content\/uploads\/2021\/05\/cta-img.jpg 780w\" sizes=\"auto, (max-width: 480px) 150px\" src=\"https:\/\/www.futuroexponencial.mx\/wp-content\/uploads\/2021\/05\/cta-img.jpg\" alt=\"\" class=\"uag-image-69\" width=\"775\" height=\"547\" title=\"\" loading=\"lazy\" role=\"img\"\/><\/figure><\/div>\n<\/div>\n<\/div>\n\n\n\n<div class=\"wp-block-uagb-container uagb-block-3e7a0fa1\">\n<div class=\"wp-block-uagb-container uagb-block-8eb78496\">\n<div class=\"wp-block-uagb-advanced-heading uagb-block-165a3982\"><h2 class=\"uagb-heading-text\">Construyamos juntos un negocio floreciente<\/h2><\/div>\n<\/div>\n\n\n\n<div class=\"wp-block-uagb-container uagb-block-a60cd437\">\n<div class=\"wp-block-uagb-advanced-heading uagb-block-0d1db6a6\"><p class=\"uagb-desc-text\">Cuando se conecta con nosotros, no est\u00e1 haciendo crecer su negocio solo. Le respaldamos y ponemos lo mejor de nosotros para contribuir al crecimiento de todo su equipo y organizaci\u00f3n. Entonces, si est\u00e1 buscando la financiera adecuada que lo ayude, \u00a1estamos aqu\u00ed!<\/p><\/div>\n<\/div>\n<\/div>\n<\/div><\/div>\n","protected":false},"excerpt":{"rendered":"<p>Somos un equipo de 10 expertos con m\u00e1s de 12 a\u00f1os de experiencia en financiamiento de proyectos para ayudar a las empresas. Si est\u00e1 buscando los mejores servicios de financiamiento, para hacer crecer su negocio, estamos aqu\u00ed para ayudarlo. Somos un equipo de expertos certificados con tremenda experiencia en financiaci\u00f3n de proyectos que lo acompa\u00f1ar\u00e1n [&hellip;]<\/p>\n","protected":false},"author":1,"featured_media":0,"parent":0,"menu_order":0,"comment_status":"closed","ping_status":"closed","template":"","meta":{"_uag_custom_page_level_css":"","site-sidebar-layout":"no-sidebar","site-content-layout":"page-builder","ast-site-content-layout":"full-width-container","site-content-style":"unboxed","site-sidebar-style":"unboxed","ast-global-header-display":"","ast-banner-title-visibility":"","ast-main-header-display":"","ast-hfb-above-header-display":"","ast-hfb-below-header-display":"","ast-hfb-mobile-header-display":"","site-post-title":"disabled","ast-breadcrumbs-content":"","ast-featured-img":"disabled","footer-sml-layout":"","theme-transparent-header-meta":"enabled","adv-header-id-meta":"","stick-header-meta":"","header-above-stick-meta":"","header-main-stick-meta":"","header-below-stick-meta":"","astra-migrate-meta-layouts":"set","ast-page-background-enabled":"default","ast-page-background-meta":{"desktop":{"background-color":"var(--ast-global-color-4)","background-image":"","background-repeat":"repeat","background-position":"center center","background-size":"auto","background-attachment":"scroll","background-type":"","background-media":"","overlay-type":"","overlay-color":"","overlay-opacity":"","overlay-gradient":""},"tablet":{"background-color":"","background-image":"","background-repeat":"repeat","background-position":"center center","background-size":"auto","background-attachment":"scroll","background-type":"","background-media":"","overlay-type":"","overlay-color":"","overlay-opacity":"","overlay-gradient":""},"mobile":{"background-color":"","background-image":"","background-repeat":"repeat","background-position":"center center","background-size":"auto","background-attachment":"scroll","background-type":"","background-media":"","overlay-type":"","overlay-color":"","overlay-opacity":"","overlay-gradient":""}},"ast-content-background-meta":{"desktop":{"background-color":"var(--ast-global-color-5)","background-image":"","background-repeat":"repeat","background-position":"center center","background-size":"auto","background-attachment":"scroll","background-type":"","background-media":"","overlay-type":"","overlay-color":"","overlay-opacity":"","overlay-gradient":""},"tablet":{"background-color":"var(--ast-global-color-5)","background-image":"","background-repeat":"repeat","background-position":"center center","background-size":"auto","background-attachment":"scroll","background-type":"","background-media":"","overlay-type":"","overlay-color":"","overlay-opacity":"","overlay-gradient":""},"mobile":{"background-color":"var(--ast-global-color-5)","background-image":"","background-repeat":"repeat","background-position":"center center","background-size":"auto","background-attachment":"scroll","background-type":"","background-media":"","overlay-type":"","overlay-color":"","overlay-opacity":"","overlay-gradient":""}},"footnotes":""},"class_list":["post-139","page","type-page","status-publish","hentry"],"uagb_featured_image_src":{"full":false,"thumbnail":false,"medium":false,"medium_large":false,"large":false,"1536x1536":false,"2048x2048":false},"uagb_author_info":{"display_name":"admin","author_link":"https:\/\/www.futuroexponencial.mx\/?author=1"},"uagb_comment_info":0,"uagb_excerpt":"Somos un equipo de 10 expertos con m\u00e1s de 12 a\u00f1os de experiencia en financiamiento de proyectos para ayudar a las empresas. Si est\u00e1 buscando los mejores servicios de financiamiento, para hacer crecer su negocio, estamos aqu\u00ed para ayudarlo. Somos un equipo de expertos certificados con tremenda experiencia en financiaci\u00f3n de proyectos que lo acompa\u00f1ar\u00e1n&hellip;","_links":{"self":[{"href":"https:\/\/www.futuroexponencial.mx\/index.php?rest_route=\/wp\/v2\/pages\/139","targetHints":{"allow":["GET"]}}],"collection":[{"href":"https:\/\/www.futuroexponencial.mx\/index.php?rest_route=\/wp\/v2\/pages"}],"about":[{"href":"https:\/\/www.futuroexponencial.mx\/index.php?rest_route=\/wp\/v2\/types\/page"}],"author":[{"embeddable":true,"href":"https:\/\/www.futuroexponencial.mx\/index.php?rest_route=\/wp\/v2\/users\/1"}],"replies":[{"embeddable":true,"href":"https:\/\/www.futuroexponencial.mx\/index.php?rest_route=%2Fwp%2Fv2%2Fcomments&post=139"}],"version-history":[{"count":28,"href":"https:\/\/www.futuroexponencial.mx\/index.php?rest_route=\/wp\/v2\/pages\/139\/revisions"}],"predecessor-version":[{"id":882,"href":"https:\/\/www.futuroexponencial.mx\/index.php?rest_route=\/wp\/v2\/pages\/139\/revisions\/882"}],"wp:attachment":[{"href":"https:\/\/www.futuroexponencial.mx\/index.php?rest_route=%2Fwp%2Fv2%2Fmedia&parent=139"}],"curies":[{"name":"wp","href":"https:\/\/api.w.org\/{rel}","templated":true}]}}